{"id":252,"date":"2020-12-06T01:43:04","date_gmt":"2020-12-06T01:43:04","guid":{"rendered":"https:\/\/taniacarvalhomakeup.com\/?post_type=product&#038;p=252"},"modified":"2024-06-09T13:06:12","modified_gmt":"2024-06-09T13:06:12","slug":"better-together%e2%80%8b","status":"publish","type":"product","link":"https:\/\/taniacarvalhomakeup.com\/en\/produto\/better-together%e2%80%8b\/","title":{"rendered":"BETTER TOGETHER\u200b"},"content":{"rendered":"","protected":false},"excerpt":{"rendered":"<p>Forma\u00e7\u00e3o de auto maquilhagem em grupo para diferentes n\u00edveis, abord\u00e1mos t\u00e9cnicas de aplica\u00e7\u00e3o e produtos.<\/p>\n","protected":false},"featured_media":235,"comment_status":"open","ping_status":"closed","template":"","meta":{"_mo_disable_npp":""},"product_cat":[18],"product_tag":[],"_links":{"self":[{"href":"https:\/\/taniacarvalhomakeup.com\/en\/wp-json\/wp\/v2\/product\/252"}],"collection":[{"href":"https:\/\/taniacarvalhomakeup.com\/en\/wp-json\/wp\/v2\/product"}],"about":[{"href":"https:\/\/taniacarvalhomakeup.com\/en\/wp-json\/wp\/v2\/types\/product"}],"replies":[{"embeddable":true,"href":"https:\/\/taniacarvalhomakeup.com\/en\/wp-json\/wp\/v2\/comments?post=252"}],"wp:featuredmedia":[{"embeddable":true,"href":"https:\/\/taniacarvalhomakeup.com\/en\/wp-json\/wp\/v2\/media\/235"}],"wp:attachment":[{"href":"https:\/\/taniacarvalhomakeup.com\/en\/wp-json\/wp\/v2\/media?parent=252"}],"wp:term":[{"taxonomy":"product_cat","embeddable":true,"href":"https:\/\/taniacarvalhomakeup.com\/en\/wp-json\/wp\/v2\/product_cat?post=252"},{"taxonomy":"product_tag","embeddable":true,"href":"https:\/\/taniacarvalhomakeup.com\/en\/wp-json\/wp\/v2\/product_tag?post=252"}],"curies":[{"name":"wp","href":"https:\/\/api.w.org\/{rel}","templated":true}]}}