{"id":255,"date":"2020-12-06T01:49:48","date_gmt":"2020-12-06T01:49:48","guid":{"rendered":"https:\/\/taniacarvalhomakeup.com\/?post_type=product&#038;p=255"},"modified":"2024-08-10T21:13:01","modified_gmt":"2024-08-10T21:13:01","slug":"artistry-refresh%e2%80%8b%e2%80%8b-4h","status":"publish","type":"product","link":"https:\/\/taniacarvalhomakeup.com\/en\/produto\/artistry-refresh%e2%80%8b%e2%80%8b-4h\/","title":{"rendered":"ARTISTRY REFRESH\u200b\u200b 4h"},"content":{"rendered":"","protected":false},"excerpt":{"rendered":"<p>Esta forma\u00e7\u00e3o \u00e9 dirigida para profissionais da \u00e1rea da beleza, cabeleireiros, esteticistas, maquilhadores. \u00c9 uma forma\u00e7\u00e3o de reciclagem que visa a actualiza\u00e7\u00e3o de tend\u00eancias e aperfei\u00e7oamento t\u00e9cnico<\/p>\n","protected":false},"featured_media":438,"comment_status":"open","ping_status":"closed","template":"","meta":{"_mo_disable_npp":""},"product_cat":[18],"product_tag":[],"_links":{"self":[{"href":"https:\/\/taniacarvalhomakeup.com\/en\/wp-json\/wp\/v2\/product\/255"}],"collection":[{"href":"https:\/\/taniacarvalhomakeup.com\/en\/wp-json\/wp\/v2\/product"}],"about":[{"href":"https:\/\/taniacarvalhomakeup.com\/en\/wp-json\/wp\/v2\/types\/product"}],"replies":[{"embeddable":true,"href":"https:\/\/taniacarvalhomakeup.com\/en\/wp-json\/wp\/v2\/comments?post=255"}],"wp:featuredmedia":[{"embeddable":true,"href":"https:\/\/taniacarvalhomakeup.com\/en\/wp-json\/wp\/v2\/media\/438"}],"wp:attachment":[{"href":"https:\/\/taniacarvalhomakeup.com\/en\/wp-json\/wp\/v2\/media?parent=255"}],"wp:term":[{"taxonomy":"product_cat","embeddable":true,"href":"https:\/\/taniacarvalhomakeup.com\/en\/wp-json\/wp\/v2\/product_cat?post=255"},{"taxonomy":"product_tag","embeddable":true,"href":"https:\/\/taniacarvalhomakeup.com\/en\/wp-json\/wp\/v2\/product_tag?post=255"}],"curies":[{"name":"wp","href":"https:\/\/api.w.org\/{rel}","templated":true}]}}