{"id":1676,"date":"2020-12-06T01:41:15","date_gmt":"2021-04-05T22:22:28","guid":{"rendered":"https:\/\/taniacarvalhomakeup.com\/produto\/ageless\/"},"modified":"2024-07-28T12:19:57","modified_gmt":"2024-07-28T12:19:57","slug":"ageless","status":"publish","type":"product","link":"https:\/\/taniacarvalhomakeup.com\/fr\/produit\/ageless\/","title":{"rendered":"AGELESS"},"content":{"rendered":"","protected":false},"excerpt":{"rendered":"<div class=\"elementor-element elementor-element-50d2d12 elementor-widget elementor-widget-text-editor\" data-id=\"50d2d12\" data-element_type=\"widget\" data-widget_type=\"text-editor.default\">\n<div class=\"elementor-widget-container\">\n<div class=\"elementor-text-editor elementor-clearfix\">\n<p>Comment donner de la l\u00e9g\u00e8ret\u00e9 \u00e0 une peau de 50 ans et + sans oublier le glamour.<\/p>\n<\/div>\n<\/div>\n<\/div>\n","protected":false},"featured_media":139,"comment_status":"open","ping_status":"closed","template":"","meta":{"_mo_disable_npp":""},"product_cat":[46],"product_tag":[],"_links":{"self":[{"href":"https:\/\/taniacarvalhomakeup.com\/fr\/wp-json\/wp\/v2\/product\/1676"}],"collection":[{"href":"https:\/\/taniacarvalhomakeup.com\/fr\/wp-json\/wp\/v2\/product"}],"about":[{"href":"https:\/\/taniacarvalhomakeup.com\/fr\/wp-json\/wp\/v2\/types\/product"}],"replies":[{"embeddable":true,"href":"https:\/\/taniacarvalhomakeup.com\/fr\/wp-json\/wp\/v2\/comments?post=1676"}],"wp:featuredmedia":[{"embeddable":true,"href":"https:\/\/taniacarvalhomakeup.com\/fr\/wp-json\/wp\/v2\/media\/139"}],"wp:attachment":[{"href":"https:\/\/taniacarvalhomakeup.com\/fr\/wp-json\/wp\/v2\/media?parent=1676"}],"wp:term":[{"taxonomy":"product_cat","embeddable":true,"href":"https:\/\/taniacarvalhomakeup.com\/fr\/wp-json\/wp\/v2\/product_cat?post=1676"},{"taxonomy":"product_tag","embeddable":true,"href":"https:\/\/taniacarvalhomakeup.com\/fr\/wp-json\/wp\/v2\/product_tag?post=1676"}],"curies":[{"name":"wp","href":"https:\/\/api.w.org\/{rel}","templated":true}]}}