{"id":1681,"date":"2020-12-16T17:01:42","date_gmt":"2021-04-05T22:36:03","guid":{"rendered":"https:\/\/taniacarvalhomakeup.com\/produto\/gamme-coeur-vegan\/"},"modified":"2024-10-08T16:27:12","modified_gmt":"2024-10-08T16:27:12","slug":"gamme-coeur-vegan-kit","status":"publish","type":"product","link":"https:\/\/taniacarvalhomakeup.com\/fr\/produit\/gamme-coeur-vegan-kit\/","title":{"rendered":"Gamme C\u0153ur Vegan"},"content":{"rendered":"<p>20 brushes with organic cotton bag.<\/p>\n","protected":false},"excerpt":{"rendered":"<p>Pour la fabrication de la ligne V\u00e9gan, aucun arbre n\u2019a \u00e9t\u00e9 abattu pour le manche, seul le bois tomb\u00e9 naturellement des arbres est utilis\u00e9.<br \/>\nLes encres et les vernis sont \u00e9cologiques et conformes aux normes de la Communaut\u00e9 europ\u00e9enne.<\/p>\n<p>Cette ligne est le r\u00e9sultat d\u2019une s\u00e9lection de \u00ab must have \u00bb de maquillage professionnel. Pinceaux en poils synth\u00e9tiques de haute qualit\u00e9 qui peuvent \u00eatre utilis\u00e9s avec des produits liquides ou en poudre.<\/p>\n","protected":false},"featured_media":1682,"comment_status":"open","ping_status":"closed","template":"","meta":{"_mo_disable_npp":""},"product_cat":[49],"product_tag":[],"_links":{"self":[{"href":"https:\/\/taniacarvalhomakeup.com\/fr\/wp-json\/wp\/v2\/product\/1681"}],"collection":[{"href":"https:\/\/taniacarvalhomakeup.com\/fr\/wp-json\/wp\/v2\/product"}],"about":[{"href":"https:\/\/taniacarvalhomakeup.com\/fr\/wp-json\/wp\/v2\/types\/product"}],"replies":[{"embeddable":true,"href":"https:\/\/taniacarvalhomakeup.com\/fr\/wp-json\/wp\/v2\/comments?post=1681"}],"wp:featuredmedia":[{"embeddable":true,"href":"https:\/\/taniacarvalhomakeup.com\/fr\/wp-json\/wp\/v2\/media\/1682"}],"wp:attachment":[{"href":"https:\/\/taniacarvalhomakeup.com\/fr\/wp-json\/wp\/v2\/media?parent=1681"}],"wp:term":[{"taxonomy":"product_cat","embeddable":true,"href":"https:\/\/taniacarvalhomakeup.com\/fr\/wp-json\/wp\/v2\/product_cat?post=1681"},{"taxonomy":"product_tag","embeddable":true,"href":"https:\/\/taniacarvalhomakeup.com\/fr\/wp-json\/wp\/v2\/product_tag?post=1681"}],"curies":[{"name":"wp","href":"https:\/\/api.w.org\/{rel}","templated":true}]}}