{"id":1690,"date":"2020-12-16T17:01:35","date_gmt":"2021-04-05T22:41:35","guid":{"rendered":"https:\/\/taniacarvalhomakeup.com\/produto\/linha-tous-les-jours-kit\/"},"modified":"2024-11-07T09:22:37","modified_gmt":"2024-11-07T09:22:37","slug":"gamme-tous-les-jours-kit","status":"publish","type":"product","link":"https:\/\/taniacarvalhomakeup.com\/fr\/produit\/gamme-tous-les-jours-kit\/","title":{"rendered":"Gamme tous les jours (kit)"},"content":{"rendered":"<p>12 brosses avec pochette de ceinture de prix.<\/p>\n","protected":false},"excerpt":{"rendered":"<p>Cette gamme a \u00e9t\u00e9 d\u00e9velopp\u00e9e, en pensant aux pinceaux n\u00e9cessaires pour une utilisation personnelle, avec la m\u00eame rigueur de finition qu\u2019une gamme professionnelle. La gamme tous les jours a plusieurs textures de poils de haute qualit\u00e9 et mono filament conique. Les embouts sont en laiton nickel\u00e9 pour assurer sa durabilit\u00e9 m\u00eame apr\u00e8s des lavages fr\u00e9quents.<\/p>\n","protected":false},"featured_media":1685,"comment_status":"open","ping_status":"closed","template":"","meta":{"_mo_disable_npp":""},"product_cat":[49],"product_tag":[],"_links":{"self":[{"href":"https:\/\/taniacarvalhomakeup.com\/fr\/wp-json\/wp\/v2\/product\/1690"}],"collection":[{"href":"https:\/\/taniacarvalhomakeup.com\/fr\/wp-json\/wp\/v2\/product"}],"about":[{"href":"https:\/\/taniacarvalhomakeup.com\/fr\/wp-json\/wp\/v2\/types\/product"}],"replies":[{"embeddable":true,"href":"https:\/\/taniacarvalhomakeup.com\/fr\/wp-json\/wp\/v2\/comments?post=1690"}],"wp:featuredmedia":[{"embeddable":true,"href":"https:\/\/taniacarvalhomakeup.com\/fr\/wp-json\/wp\/v2\/media\/1685"}],"wp:attachment":[{"href":"https:\/\/taniacarvalhomakeup.com\/fr\/wp-json\/wp\/v2\/media?parent=1690"}],"wp:term":[{"taxonomy":"product_cat","embeddable":true,"href":"https:\/\/taniacarvalhomakeup.com\/fr\/wp-json\/wp\/v2\/product_cat?post=1690"},{"taxonomy":"product_tag","embeddable":true,"href":"https:\/\/taniacarvalhomakeup.com\/fr\/wp-json\/wp\/v2\/product_tag?post=1690"}],"curies":[{"name":"wp","href":"https:\/\/api.w.org\/{rel}","templated":true}]}}