{"id":1694,"date":"2021-01-16T12:03:08","date_gmt":"2021-04-05T22:53:28","guid":{"rendered":"https:\/\/taniacarvalhomakeup.com\/produto\/pochette-de-rangement-xl\/"},"modified":"2021-04-07T11:41:27","modified_gmt":"2021-04-07T11:41:27","slug":"pochette-de-rangement-xl","status":"publish","type":"product","link":"https:\/\/taniacarvalhomakeup.com\/fr\/produit\/pochette-de-rangement-xl\/","title":{"rendered":"Pochette de rangement XL"},"content":{"rendered":"<p class=\"responsive-video-wrap clr\"><iframe loading=\"lazy\" title=\"Bolsa multi\u00fasos\" width=\"1200\" height=\"675\" src=\"https:\/\/www.youtube.com\/embed\/JWEkbg_2gIQ?feature=oembed\" frameborder=\"0\" allow=\"accelerometer; autoplay; clipboard-write; encrypted-media; gyroscope; picture-in-picture\" allowfullscreen><\/iframe><\/p>\n","protected":false},"excerpt":{"rendered":"<p>La vie est beaucoup plus simple quand tout est bien organis\u00e9. Cette pochette multi-usage est con\u00e7ue pour une r\u00e9sistance \u00e0 long terme par la qualit\u00e9 de ses mat\u00e9riaux. Indiqu\u00e9e pour un usage professionnel ou personnel.<\/p>\n","protected":false},"featured_media":1695,"comment_status":"open","ping_status":"closed","template":"","meta":{"_mo_disable_npp":""},"product_cat":[54],"product_tag":[56,55],"_links":{"self":[{"href":"https:\/\/taniacarvalhomakeup.com\/fr\/wp-json\/wp\/v2\/product\/1694"}],"collection":[{"href":"https:\/\/taniacarvalhomakeup.com\/fr\/wp-json\/wp\/v2\/product"}],"about":[{"href":"https:\/\/taniacarvalhomakeup.com\/fr\/wp-json\/wp\/v2\/types\/product"}],"replies":[{"embeddable":true,"href":"https:\/\/taniacarvalhomakeup.com\/fr\/wp-json\/wp\/v2\/comments?post=1694"}],"wp:featuredmedia":[{"embeddable":true,"href":"https:\/\/taniacarvalhomakeup.com\/fr\/wp-json\/wp\/v2\/media\/1695"}],"wp:attachment":[{"href":"https:\/\/taniacarvalhomakeup.com\/fr\/wp-json\/wp\/v2\/media?parent=1694"}],"wp:term":[{"taxonomy":"product_cat","embeddable":true,"href":"https:\/\/taniacarvalhomakeup.com\/fr\/wp-json\/wp\/v2\/product_cat?post=1694"},{"taxonomy":"product_tag","embeddable":true,"href":"https:\/\/taniacarvalhomakeup.com\/fr\/wp-json\/wp\/v2\/product_tag?post=1694"}],"curies":[{"name":"wp","href":"https:\/\/api.w.org\/{rel}","templated":true}]}}